{"id":61,"date":"2025-08-28T02:48:25","date_gmt":"2025-08-28T02:48:25","guid":{"rendered":"https:\/\/kristinusko20.fi\/?page_id=61"},"modified":"2025-12-02T04:09:16","modified_gmt":"2025-12-02T04:09:16","slug":"etusivu","status":"publish","type":"page","link":"https:\/\/kristinusko20.fi\/","title":{"rendered":"Etusivu"},"content":{"rendered":"\t\t<div data-elementor-type=\"wp-page\" data-elementor-id=\"61\" class=\"elementor elementor-61\">\n\t\t\t\t<div class=\"elementor-element elementor-element-c5408dc e-flex e-con-boxed e-con e-parent\" data-id=\"c5408dc\" data-element_type=\"container\" data-e-type=\"container\">\n\t\t\t\t\t<div class=\"e-con-inner\">\n\t\t<div class=\"elementor-element elementor-element-edce3d3 e-con-full e-flex e-con e-child\" data-id=\"edce3d3\" data-element_type=\"container\" data-e-type=\"container\">\n\t\t\t\t<div class=\"elementor-element elementor-element-72626d3 elementor-grid-eael-col-3 elementor-grid-tablet-eael-col-2 elementor-grid-mobile-eael-col-1 elementor-widget elementor-widget-eael-post-grid\" data-id=\"72626d3\" data-element_type=\"widget\" data-e-type=\"widget\" data-settings=\"{&quot;eael_post_grid_columns&quot;:&quot;eael-col-3&quot;,&quot;eael_post_grid_columns_tablet&quot;:&quot;eael-col-2&quot;,&quot;eael_post_grid_columns_mobile&quot;:&quot;eael-col-1&quot;}\" data-widget_type=\"eael-post-grid.default\">\n\t\t\t\t\t<div id=\"eael-post-grid-72626d3\" class=\"eael-post-grid-container\">\n            <div class=\"eael-post-grid eael-post-appender eael-post-appender-72626d3 eael-post-grid-style-two\" data-layout-mode=\"grid\"><article class=\"eael-grid-post  eael-post-grid-column eael-pg-post-109\" data-id=\"109\">\n    <div class=\"eael-grid-post-holder\">\n        <div class=\"eael-grid-post-holder-inner\"><div class=\"eael-entry-media\"><div class=\"eael-entry-overlay fade-in\"><i class=\"fas fa-long-arrow-alt-right\" aria-hidden=\"true\"><\/i><a href=\"https:\/\/kristinusko20.fi\/?page_id=109\"><\/a><\/div><div class=\"eael-entry-thumbnail \">\n                            <img fetchpriority=\"high\" decoding=\"async\" width=\"768\" height=\"384\" src=\"https:\/\/kristinusko20.fi\/wp-content\/uploads\/2025\/12\/50-768x384.jpg\" class=\"attachment-medium_large size-medium_large wp-image-244\" alt=\"\" srcset=\"https:\/\/kristinusko20.fi\/wp-content\/uploads\/2025\/12\/50-768x384.jpg 768w, https:\/\/kristinusko20.fi\/wp-content\/uploads\/2025\/12\/50-300x150.jpg 300w, https:\/\/kristinusko20.fi\/wp-content\/uploads\/2025\/12\/50-1024x512.jpg 1024w, https:\/\/kristinusko20.fi\/wp-content\/uploads\/2025\/12\/50-1536x768.jpg 1536w, https:\/\/kristinusko20.fi\/wp-content\/uploads\/2025\/12\/50.jpg 2000w\" sizes=\"(max-width: 768px) 100vw, 768px\" \/>\n                            <\/div>\n                    <\/div><div class=\"eael-entry-wrapper\"><header class=\"eael-entry-header\"><h1 class=\"eael-entry-title\"><a class=\"eael-grid-post-link\" href=\"https:\/\/kristinusko20.fi\/?page_id=109\" title=\"Omann\u00e4k\u00f6iseni hengellisyys\">Omann\u00e4k\u00f6iseni hengellisyys<\/a><\/h1><\/header><\/div><\/div>\n    <\/div>\n<\/article><article class=\"eael-grid-post  eael-post-grid-column eael-pg-post-98\" data-id=\"98\">\n    <div class=\"eael-grid-post-holder\">\n        <div class=\"eael-grid-post-holder-inner\"><div class=\"eael-entry-media\"><div class=\"eael-entry-overlay fade-in\"><i class=\"fas fa-long-arrow-alt-right\" aria-hidden=\"true\"><\/i><a href=\"https:\/\/kristinusko20.fi\/?page_id=98\"><\/a><\/div><div class=\"eael-entry-thumbnail \">\n                            <img decoding=\"async\" width=\"768\" height=\"513\" src=\"https:\/\/kristinusko20.fi\/wp-content\/uploads\/2025\/08\/DSC1538-2-768x513.jpg\" class=\"attachment-medium_large size-medium_large wp-image-84\" alt=\"\" srcset=\"https:\/\/kristinusko20.fi\/wp-content\/uploads\/2025\/08\/DSC1538-2-768x513.jpg 768w, https:\/\/kristinusko20.fi\/wp-content\/uploads\/2025\/08\/DSC1538-2-300x200.jpg 300w, https:\/\/kristinusko20.fi\/wp-content\/uploads\/2025\/08\/DSC1538-2-1024x684.jpg 1024w, https:\/\/kristinusko20.fi\/wp-content\/uploads\/2025\/08\/DSC1538-2-1536x1025.jpg 1536w, https:\/\/kristinusko20.fi\/wp-content\/uploads\/2025\/08\/DSC1538-2.jpg 2000w\" sizes=\"(max-width: 768px) 100vw, 768px\" \/>\n                            <\/div>\n                    <\/div><div class=\"eael-entry-wrapper\"><header class=\"eael-entry-header\"><h1 class=\"eael-entry-title\"><a class=\"eael-grid-post-link\" href=\"https:\/\/kristinusko20.fi\/?page_id=98\" title=\"Minulle mielek\u00e4s yhteis\u00f6llisyys\">Minulle mielek\u00e4s yhteis\u00f6llisyys<\/a><\/h1><\/header><\/div><\/div>\n    <\/div>\n<\/article><article class=\"eael-grid-post  eael-post-grid-column eael-pg-post-19\" data-id=\"19\">\n    <div class=\"eael-grid-post-holder\">\n        <div class=\"eael-grid-post-holder-inner\"><div class=\"eael-entry-media\"><div class=\"eael-entry-overlay fade-in\"><i class=\"fas fa-long-arrow-alt-right\" aria-hidden=\"true\"><\/i><a href=\"https:\/\/kristinusko20.fi\/?page_id=19\"><\/a><\/div><div class=\"eael-entry-thumbnail \">\n                            <img decoding=\"async\" width=\"768\" height=\"513\" src=\"https:\/\/kristinusko20.fi\/wp-content\/uploads\/2025\/08\/DSC4626-768x513.jpg\" class=\"attachment-medium_large size-medium_large wp-image-81\" alt=\"\" srcset=\"https:\/\/kristinusko20.fi\/wp-content\/uploads\/2025\/08\/DSC4626-768x513.jpg 768w, https:\/\/kristinusko20.fi\/wp-content\/uploads\/2025\/08\/DSC4626-300x200.jpg 300w, https:\/\/kristinusko20.fi\/wp-content\/uploads\/2025\/08\/DSC4626-1024x684.jpg 1024w, https:\/\/kristinusko20.fi\/wp-content\/uploads\/2025\/08\/DSC4626-1536x1025.jpg 1536w, https:\/\/kristinusko20.fi\/wp-content\/uploads\/2025\/08\/DSC4626.jpg 2000w\" sizes=\"(max-width: 768px) 100vw, 768px\" \/>\n                            <\/div>\n                    <\/div><div class=\"eael-entry-wrapper\"><header class=\"eael-entry-header\"><h1 class=\"eael-entry-title\"><a class=\"eael-grid-post-link\" href=\"https:\/\/kristinusko20.fi\/?page_id=19\" title=\"Oman el\u00e4m\u00e4ni kysymykset\">Oman el\u00e4m\u00e4ni kysymykset<\/a><\/h1><\/header><\/div><\/div>\n    <\/div>\n<\/article><\/div>\n            <div class=\"clearfix\"><\/div>\n        <\/div>\t\t\t\t<\/div>\n\t\t\t\t<\/div>\n\t\t\t\t\t<\/div>\n\t\t\t\t<\/div>\n\t\t<div class=\"elementor-element elementor-element-d3004f1 e-flex e-con-boxed e-con e-parent\" data-id=\"d3004f1\" data-element_type=\"container\" data-e-type=\"container\">\n\t\t\t\t\t<div class=\"e-con-inner\">\n\t\t<div class=\"elementor-element elementor-element-3b20426 e-con-full e-flex e-con e-child\" data-id=\"3b20426\" data-element_type=\"container\" data-e-type=\"container\">\n\t\t\t\t<div class=\"elementor-element elementor-element-d080e87 elementor-grid-eael-col-3 elementor-grid-tablet-eael-col-2 elementor-grid-mobile-eael-col-1 elementor-widget elementor-widget-eael-post-grid\" data-id=\"d080e87\" data-element_type=\"widget\" data-e-type=\"widget\" data-settings=\"{&quot;eael_post_grid_columns&quot;:&quot;eael-col-3&quot;,&quot;eael_post_grid_columns_tablet&quot;:&quot;eael-col-2&quot;,&quot;eael_post_grid_columns_mobile&quot;:&quot;eael-col-1&quot;}\" data-widget_type=\"eael-post-grid.default\">\n\t\t\t\t\t<div id=\"eael-post-grid-d080e87\" class=\"eael-post-grid-container\">\n            <div class=\"eael-post-grid eael-post-appender eael-post-appender-d080e87 eael-post-grid-style-two\" data-layout-mode=\"grid\"><article class=\"eael-grid-post  eael-post-grid-column eael-pg-post-179\" data-id=\"179\">\n    <div class=\"eael-grid-post-holder\">\n        <div class=\"eael-grid-post-holder-inner\"><div class=\"eael-entry-media\"><div class=\"eael-entry-overlay fade-in\"><i class=\"fas fa-long-arrow-alt-right\" aria-hidden=\"true\"><\/i><a href=\"https:\/\/kristinusko20.fi\/?page_id=179\"><\/a><\/div><div class=\"eael-entry-thumbnail \">\n                            <img loading=\"lazy\" decoding=\"async\" width=\"768\" height=\"512\" src=\"https:\/\/kristinusko20.fi\/wp-content\/uploads\/2025\/08\/DSC3367-768x512.jpg\" class=\"attachment-medium_large size-medium_large wp-image-86\" alt=\"\" srcset=\"https:\/\/kristinusko20.fi\/wp-content\/uploads\/2025\/08\/DSC3367-768x512.jpg 768w, https:\/\/kristinusko20.fi\/wp-content\/uploads\/2025\/08\/DSC3367-300x200.jpg 300w, https:\/\/kristinusko20.fi\/wp-content\/uploads\/2025\/08\/DSC3367.jpg 1000w\" sizes=\"(max-width: 768px) 100vw, 768px\" \/>\n                            <\/div>\n                    <\/div><div class=\"eael-entry-wrapper\"><header class=\"eael-entry-header\"><h1 class=\"eael-entry-title\"><a class=\"eael-grid-post-link\" href=\"https:\/\/kristinusko20.fi\/?page_id=179\" title=\"Minulle tarkoituksenmukainen hyv\u00e4n tekeminen\">Minulle tarkoituksenmukainen hyv\u00e4n tekeminen<\/a><\/h1><\/header><\/div><\/div>\n    <\/div>\n<\/article><article class=\"eael-grid-post  eael-post-grid-column eael-pg-post-185\" data-id=\"185\">\n    <div class=\"eael-grid-post-holder\">\n        <div class=\"eael-grid-post-holder-inner\"><div class=\"eael-entry-media\"><div class=\"eael-entry-overlay fade-in\"><i class=\"fas fa-long-arrow-alt-right\" aria-hidden=\"true\"><\/i><a href=\"https:\/\/kristinusko20.fi\/?page_id=185\"><\/a><\/div><div class=\"eael-entry-thumbnail \">\n                            <img loading=\"lazy\" decoding=\"async\" width=\"768\" height=\"513\" src=\"https:\/\/kristinusko20.fi\/wp-content\/uploads\/2025\/08\/DSC8765-768x513.jpg\" class=\"attachment-medium_large size-medium_large wp-image-149\" alt=\"\" srcset=\"https:\/\/kristinusko20.fi\/wp-content\/uploads\/2025\/08\/DSC8765-768x513.jpg 768w, https:\/\/kristinusko20.fi\/wp-content\/uploads\/2025\/08\/DSC8765-300x200.jpg 300w, https:\/\/kristinusko20.fi\/wp-content\/uploads\/2025\/08\/DSC8765-1024x684.jpg 1024w, https:\/\/kristinusko20.fi\/wp-content\/uploads\/2025\/08\/DSC8765-1536x1025.jpg 1536w, https:\/\/kristinusko20.fi\/wp-content\/uploads\/2025\/08\/DSC8765-2048x1367.jpg 2048w\" sizes=\"(max-width: 768px) 100vw, 768px\" \/>\n                            <\/div>\n                    <\/div><div class=\"eael-entry-wrapper\"><header class=\"eael-entry-header\"><h1 class=\"eael-entry-title\"><a class=\"eael-grid-post-link\" href=\"https:\/\/kristinusko20.fi\/?page_id=185\" title=\"Katekismus\">Katekismus<\/a><\/h1><\/header><\/div><\/div>\n    <\/div>\n<\/article><\/div>\n            <div class=\"clearfix\"><\/div>\n        <\/div>\t\t\t\t<\/div>\n\t\t\t\t<\/div>\n\t\t\t\t\t<\/div>\n\t\t\t\t<\/div>\n\t\t\t\t<\/div>\n\t\t","protected":false},"excerpt":{"rendered":"<p>Omann\u00e4k\u00f6iseni hengellisyys Minulle mielek\u00e4s yhteis\u00f6llisyys Oman el\u00e4m\u00e4ni kysymykset Minulle tarkoituksenmukainen hyv\u00e4n tekeminen Katekismus<\/p>\n","protected":false},"author":1,"featured_media":0,"parent":0,"menu_order":0,"comment_status":"closed","ping_status":"closed","template":"","meta":{"footnotes":""},"class_list":["post-61","page","type-page","status-publish","hentry"],"_links":{"self":[{"href":"https:\/\/kristinusko20.fi\/index.php?rest_route=\/wp\/v2\/pages\/61","targetHints":{"allow":["GET"]}}],"collection":[{"href":"https:\/\/kristinusko20.fi\/index.php?rest_route=\/wp\/v2\/pages"}],"about":[{"href":"https:\/\/kristinusko20.fi\/index.php?rest_route=\/wp\/v2\/types\/page"}],"author":[{"embeddable":true,"href":"https:\/\/kristinusko20.fi\/index.php?rest_route=\/wp\/v2\/users\/1"}],"replies":[{"embeddable":true,"href":"https:\/\/kristinusko20.fi\/index.php?rest_route=%2Fwp%2Fv2%2Fcomments&post=61"}],"version-history":[{"count":30,"href":"https:\/\/kristinusko20.fi\/index.php?rest_route=\/wp\/v2\/pages\/61\/revisions"}],"predecessor-version":[{"id":189,"href":"https:\/\/kristinusko20.fi\/index.php?rest_route=\/wp\/v2\/pages\/61\/revisions\/189"}],"wp:attachment":[{"href":"https:\/\/kristinusko20.fi\/index.php?rest_route=%2Fwp%2Fv2%2Fmedia&parent=61"}],"curies":[{"name":"wp","href":"https:\/\/api.w.org\/{rel}","templated":true}]}}