{"id":190,"date":"2025-12-02T04:11:11","date_gmt":"2025-12-02T04:11:11","guid":{"rendered":"https:\/\/kristinusko20.fi\/?page_id=190"},"modified":"2025-12-02T04:22:46","modified_gmt":"2025-12-02T04:22:46","slug":"arvot-ja-hyva-elama","status":"publish","type":"page","link":"https:\/\/kristinusko20.fi\/?page_id=190","title":{"rendered":"Arvot ja hyv\u00e4 el\u00e4m\u00e4"},"content":{"rendered":"\n<figure class=\"wp-block-image size-large\"><img fetchpriority=\"high\" decoding=\"async\" width=\"1024\" height=\"512\" src=\"https:\/\/kristinusko20.fi\/wp-content\/uploads\/2025\/12\/44-1024x512.jpg\" alt=\"\" class=\"wp-image-238\" srcset=\"https:\/\/kristinusko20.fi\/wp-content\/uploads\/2025\/12\/44-1024x512.jpg 1024w, https:\/\/kristinusko20.fi\/wp-content\/uploads\/2025\/12\/44-300x150.jpg 300w, https:\/\/kristinusko20.fi\/wp-content\/uploads\/2025\/12\/44-768x384.jpg 768w, https:\/\/kristinusko20.fi\/wp-content\/uploads\/2025\/12\/44-1536x768.jpg 1536w, https:\/\/kristinusko20.fi\/wp-content\/uploads\/2025\/12\/44.jpg 2000w\" sizes=\"(max-width: 1024px) 100vw, 1024px\" \/><\/figure>\n\n\n\n<p>Kristilliset hyveet usko, toivo ja rakkaus ohjaavat kristittyjen ihmisten ja yhteis\u00f6jen el\u00e4m\u00e4\u00e4. Hyv\u00e4n el\u00e4m\u00e4n rakennusaineet ovat yleisinhimillisi\u00e4 ja yhdist\u00e4v\u00e4t ihmisi\u00e4 uskonnoista ja el\u00e4m\u00e4nkatsomuksista riippumatta. Hyv\u00e4\u00e4n el\u00e4m\u00e4\u00e4n kuuluu tutkimusten ja havaintojen mukaan l\u00e4heisi\u00e4 suhteita toisiin, mielek\u00e4st\u00e4 tekemist\u00e4 ja luottamus tulevaan.&nbsp;&nbsp;<\/p>\n\n\n\n<p>Jeesus tiivisti 10 k\u00e4sky\u00e4 Rakkauden kaksoisk\u00e4skyksi Matt. 22: 37-39&nbsp;<\/p>\n\n\n\n<p>\u201cRakasta Herraa, Jumalaasi, koko syd\u00e4mest\u00e4si, koko sielustasi ja mielest\u00e4si. T\u00e4m\u00e4 on k\u00e4skyist\u00e4 suurin ja t\u00e4rkein. Toinen yht\u00e4 t\u00e4rke\u00e4 on t\u00e4m\u00e4: rakasta l\u00e4himm\u00e4ist\u00e4si niin kuin itse\u00e4si.\u201d&nbsp;<\/p>\n\n\n\n<p>Kultainen s\u00e4\u00e4nt\u00f6 l\u00f6ytyy Jeesuksen vuorisaarnasta Matt. 7: 12&nbsp;&nbsp;&nbsp;&nbsp;<\/p>\n\n\n\n<p>\u201cKaikki, mink\u00e4 tahdotte ihmisten tekev\u00e4n teille, tehk\u00e4\u00e4 te heille.\u201d&nbsp;&nbsp;<\/p>\n\n\n\n<p>Jeesuksen antamien k\u00e4skyjen noudattaminen on vaikeaa, niiden t\u00e4ydelliseen toteuttamiseen ei pysty kukaan. Kaikki l\u00e4htee Jumalan rakkaudesta ihmisi\u00e4 kohtaan.&nbsp; Jumalan rakkaus on t\u00e4ydellist\u00e4 ja pyyteet\u00f6nt\u00e4. Jumala rakastaa luomakuntaansa sellaisena kuin se on. Jumalan rakkaus synnytt\u00e4\u00e4 ihmisiss\u00e4 rakkautta, huolenpitoa ja hyvi\u00e4 tekoja toisia kohtaan. Marjut Mulari muotoilee Jumalan rakastamisen niin, ett\u00e4 se on Jumalan rakastettavaksi heitt\u00e4ytymist\u00e4, niin kuin pieni lapsi antautuu hoivaajansa hoidettavaksi ja luottaa hoivaajaansa.&nbsp;<\/p>\n\n\n\n<p><a href=\"https:\/\/www.youtube.com\/watch?v=0UsK-xQXh2U\" target=\"_blank\" rel=\"noreferrer noopener\">Mit\u00e4 rakkaus tarkoittaa? &#8211; YouTube<\/a>&nbsp;<\/p>\n\n\n\n<figure class=\"wp-block-embed is-type-video is-provider-youtube wp-block-embed-youtube wp-embed-aspect-16-9 wp-has-aspect-ratio\"><div class=\"wp-block-embed__wrapper\">\n<iframe title=\"Mit\u00e4 rakkaus tarkoittaa?\" width=\"843\" height=\"474\" src=\"https:\/\/www.youtube.com\/embed\/0UsK-xQXh2U?feature=oembed\" frameborder=\"0\" allow=\"accelerometer; autoplay; clipboard-write; encrypted-media; gyroscope; picture-in-picture; web-share\" referrerpolicy=\"strict-origin-when-cross-origin\" allowfullscreen><\/iframe>\n<\/div><\/figure>\n\n\n\n<p>Kristillinen k\u00e4sitys hyv\u00e4st\u00e4 el\u00e4m\u00e4st\u00e4 kattaa yksil\u00f6n ja ihmisten lis\u00e4ksi my\u00f6s kaiken elollisen, jota kristillisess\u00e4 kontekstissa kutsumme luomakunnaksi. Hyv\u00e4 el\u00e4m\u00e4ntapa suojelee ja arvostaa luontoa ja ymp\u00e4rist\u00f6\u00e4 globaalisti.&nbsp;<\/p>\n\n\n\n<p>Lue kirkon ilmasto-ohjelma: <a href=\"https:\/\/evl.fi\/plus\/wp-content\/uploads\/sites\/3\/2025\/01\/kh_ilmasto-ohjelma_netti.pdf\" target=\"_blank\" rel=\"noreferrer noopener\">Kirkon ilmasto-ohjelma<\/a>&nbsp;<\/p>\n\n\n\n<p>T\u00e4st\u00e4 linkist\u00e4 l\u00f6ytyy paastonajan kalenteri, johon on koottu k\u00e4yt\u00e4nn\u00f6llisi\u00e4 hyv\u00e4 el\u00e4m\u00e4n askeleita: <a href=\"https:\/\/evl.fi\/tietoa-meista\/kirkon-ymparistotyo\/ekopaasto\/\" target=\"_blank\" rel=\"noreferrer noopener\">Ekopaasto &#8211; Evl.fi<\/a>&nbsp;&nbsp;<\/p>\n\n\n\n<p>Pohdintaa el\u00e4inten oikeuksista kirkon n\u00e4k\u00f6kulmasta: <a href=\"https:\/\/www.kirkkojakaupunki.fi\/-\/kristityilla-on-ainakin-seitseman-perustetta-elainten-tehotuotannolle-elainteologi-ja-pappi-kari-kuula-vastaa-niihin-\" target=\"_blank\" rel=\"noreferrer noopener\">Kristityill\u00e4 on ainakin seitsem\u00e4n perustetta el\u00e4inten tehotuotannolle \u2013 el\u00e4inteologi ja pappi Kari Kuula vastaa niihin &#8211; Kirkko ja kaupunki<\/a>&nbsp;<\/p>\n\n\n\n<p><\/p>\n","protected":false},"excerpt":{"rendered":"<p>Kristilliset hyveet usko, toivo ja rakkaus ohjaavat kristittyjen ihmisten ja yhteis\u00f6jen el\u00e4m\u00e4\u00e4. Hyv\u00e4n el\u00e4m\u00e4n rakennusaineet ovat yleisinhimillisi\u00e4 ja yhdist\u00e4v\u00e4t ihmisi\u00e4 uskonnoista ja el\u00e4m\u00e4nkatsomuksista riippumatta. Hyv\u00e4\u00e4n&hellip;<\/p>\n","protected":false},"author":1,"featured_media":238,"parent":0,"menu_order":0,"comment_status":"closed","ping_status":"closed","template":"","meta":{"footnotes":""},"class_list":["post-190","page","type-page","status-publish","has-post-thumbnail","hentry"],"_links":{"self":[{"href":"https:\/\/kristinusko20.fi\/index.php?rest_route=\/wp\/v2\/pages\/190","targetHints":{"allow":["GET"]}}],"collection":[{"href":"https:\/\/kristinusko20.fi\/index.php?rest_route=\/wp\/v2\/pages"}],"about":[{"href":"https:\/\/kristinusko20.fi\/index.php?rest_route=\/wp\/v2\/types\/page"}],"author":[{"embeddable":true,"href":"https:\/\/kristinusko20.fi\/index.php?rest_route=\/wp\/v2\/users\/1"}],"replies":[{"embeddable":true,"href":"https:\/\/kristinusko20.fi\/index.php?rest_route=%2Fwp%2Fv2%2Fcomments&post=190"}],"version-history":[{"count":2,"href":"https:\/\/kristinusko20.fi\/index.php?rest_route=\/wp\/v2\/pages\/190\/revisions"}],"predecessor-version":[{"id":252,"href":"https:\/\/kristinusko20.fi\/index.php?rest_route=\/wp\/v2\/pages\/190\/revisions\/252"}],"wp:featuredmedia":[{"embeddable":true,"href":"https:\/\/kristinusko20.fi\/index.php?rest_route=\/wp\/v2\/media\/238"}],"wp:attachment":[{"href":"https:\/\/kristinusko20.fi\/index.php?rest_route=%2Fwp%2Fv2%2Fmedia&parent=190"}],"curies":[{"name":"wp","href":"https:\/\/api.w.org\/{rel}","templated":true}]}}