{"id":19,"date":"2025-08-27T09:29:24","date_gmt":"2025-08-27T09:29:24","guid":{"rendered":"https:\/\/kristinusko20.fi\/?page_id=19"},"modified":"2025-12-02T04:28:55","modified_gmt":"2025-12-02T04:28:55","slug":"teema-1","status":"publish","type":"page","link":"https:\/\/kristinusko20.fi\/?page_id=19","title":{"rendered":"Oman el\u00e4m\u00e4ni kysymykset"},"content":{"rendered":"\t\t<div data-elementor-type=\"wp-page\" data-elementor-id=\"19\" class=\"elementor elementor-19\">\n\t\t\t\t<div class=\"elementor-element elementor-element-a90cbc3 e-flex e-con-boxed e-con e-parent\" data-id=\"a90cbc3\" data-element_type=\"container\" data-e-type=\"container\">\n\t\t\t\t\t<div class=\"e-con-inner\">\n\t\t\t\t<div class=\"elementor-element elementor-element-21b6171 elementor-grid-eael-col-3 elementor-grid-tablet-eael-col-2 elementor-grid-mobile-eael-col-1 elementor-widget elementor-widget-eael-post-grid\" data-id=\"21b6171\" data-element_type=\"widget\" data-e-type=\"widget\" data-settings=\"{&quot;eael_post_grid_columns&quot;:&quot;eael-col-3&quot;,&quot;eael_post_grid_columns_tablet&quot;:&quot;eael-col-2&quot;,&quot;eael_post_grid_columns_mobile&quot;:&quot;eael-col-1&quot;}\" data-widget_type=\"eael-post-grid.default\">\n\t\t\t\t\t<div id=\"eael-post-grid-21b6171\" class=\"eael-post-grid-container\">\n            <div class=\"eael-post-grid eael-post-appender eael-post-appender-21b6171 eael-post-grid-style-one\" data-layout-mode=\"masonry\"><article class=\"eael-grid-post  eael-post-grid-column eael-pg-post-253\" data-id=\"253\">\n        <div class=\"eael-grid-post-holder\">\n            <div class=\"eael-grid-post-holder-inner\"><div class=\"eael-entry-media\"><div class=\"eael-entry-overlay fade-in\"><i class=\"fas fa-long-arrow-alt-right\" aria-hidden=\"true\"><\/i><a href=\"https:\/\/kristinusko20.fi\/?page_id=253\"><\/a><\/div><div class=\"eael-entry-thumbnail \">\n                <img decoding=\"async\" width=\"300\" height=\"150\" src=\"https:\/\/kristinusko20.fi\/wp-content\/uploads\/2025\/12\/40-300x150.jpg\" class=\"attachment-medium size-medium wp-image-234\" alt=\"\" srcset=\"https:\/\/kristinusko20.fi\/wp-content\/uploads\/2025\/12\/40-300x150.jpg 300w, https:\/\/kristinusko20.fi\/wp-content\/uploads\/2025\/12\/40-1024x512.jpg 1024w, https:\/\/kristinusko20.fi\/wp-content\/uploads\/2025\/12\/40-768x384.jpg 768w, https:\/\/kristinusko20.fi\/wp-content\/uploads\/2025\/12\/40-1536x768.jpg 1536w, https:\/\/kristinusko20.fi\/wp-content\/uploads\/2025\/12\/40.jpg 2000w\" sizes=\"(max-width: 300px) 100vw, 300px\" \/>\n            <\/div>\n        <\/div><div class=\"eael-entry-wrapper\"><header class=\"eael-entry-header\"><h2 class=\"eael-entry-title\"><a class=\"eael-grid-post-link\" href=\"https:\/\/kristinusko20.fi\/?page_id=253\" title=\"K\u00e4rsimys, suru ja kuolema\">K\u00e4rsimys, suru ja kuolema<\/a><\/h2><\/header><\/div><\/div>\n        <\/div>\n    <\/article><article class=\"eael-grid-post  eael-post-grid-column eael-pg-post-190\" data-id=\"190\">\n        <div class=\"eael-grid-post-holder\">\n            <div class=\"eael-grid-post-holder-inner\"><div class=\"eael-entry-media\"><div class=\"eael-entry-overlay fade-in\"><i class=\"fas fa-long-arrow-alt-right\" aria-hidden=\"true\"><\/i><a href=\"https:\/\/kristinusko20.fi\/?page_id=190\"><\/a><\/div><div class=\"eael-entry-thumbnail \">\n                <img decoding=\"async\" width=\"300\" height=\"150\" src=\"https:\/\/kristinusko20.fi\/wp-content\/uploads\/2025\/12\/44-300x150.jpg\" class=\"attachment-medium size-medium wp-image-238\" alt=\"\" srcset=\"https:\/\/kristinusko20.fi\/wp-content\/uploads\/2025\/12\/44-300x150.jpg 300w, https:\/\/kristinusko20.fi\/wp-content\/uploads\/2025\/12\/44-1024x512.jpg 1024w, https:\/\/kristinusko20.fi\/wp-content\/uploads\/2025\/12\/44-768x384.jpg 768w, https:\/\/kristinusko20.fi\/wp-content\/uploads\/2025\/12\/44-1536x768.jpg 1536w, https:\/\/kristinusko20.fi\/wp-content\/uploads\/2025\/12\/44.jpg 2000w\" sizes=\"(max-width: 300px) 100vw, 300px\" \/>\n            <\/div>\n        <\/div><div class=\"eael-entry-wrapper\"><header class=\"eael-entry-header\"><h2 class=\"eael-entry-title\"><a class=\"eael-grid-post-link\" href=\"https:\/\/kristinusko20.fi\/?page_id=190\" title=\"Arvot ja hyv\u00e4 el\u00e4m\u00e4\">Arvot ja hyv\u00e4 el\u00e4m\u00e4<\/a><\/h2><\/header><\/div><\/div>\n        <\/div>\n    <\/article><\/div>\n            <div class=\"clearfix\"><\/div>\n        <\/div>\t\t\t\t<\/div>\n\t\t\t\t\t<\/div>\n\t\t\t\t<\/div>\n\t\t\t\t<\/div>\n\t\t","protected":false},"excerpt":{"rendered":"<p>K\u00e4rsimys, suru ja kuolema Arvot ja hyv\u00e4 el\u00e4m\u00e4<\/p>\n","protected":false},"author":1,"featured_media":81,"parent":0,"menu_order":0,"comment_status":"closed","ping_status":"closed","template":"","meta":{"footnotes":""},"class_list":["post-19","page","type-page","status-publish","has-post-thumbnail","hentry"],"_links":{"self":[{"href":"https:\/\/kristinusko20.fi\/index.php?rest_route=\/wp\/v2\/pages\/19","targetHints":{"allow":["GET"]}}],"collection":[{"href":"https:\/\/kristinusko20.fi\/index.php?rest_route=\/wp\/v2\/pages"}],"about":[{"href":"https:\/\/kristinusko20.fi\/index.php?rest_route=\/wp\/v2\/types\/page"}],"author":[{"embeddable":true,"href":"https:\/\/kristinusko20.fi\/index.php?rest_route=\/wp\/v2\/users\/1"}],"replies":[{"embeddable":true,"href":"https:\/\/kristinusko20.fi\/index.php?rest_route=%2Fwp%2Fv2%2Fcomments&post=19"}],"version-history":[{"count":26,"href":"https:\/\/kristinusko20.fi\/index.php?rest_route=\/wp\/v2\/pages\/19\/revisions"}],"predecessor-version":[{"id":263,"href":"https:\/\/kristinusko20.fi\/index.php?rest_route=\/wp\/v2\/pages\/19\/revisions\/263"}],"wp:featuredmedia":[{"embeddable":true,"href":"https:\/\/kristinusko20.fi\/index.php?rest_route=\/wp\/v2\/media\/81"}],"wp:attachment":[{"href":"https:\/\/kristinusko20.fi\/index.php?rest_route=%2Fwp%2Fv2%2Fmedia&parent=19"}],"curies":[{"name":"wp","href":"https:\/\/api.w.org\/{rel}","templated":true}]}}